{"id":889,"date":"2024-04-05T11:51:19","date_gmt":"2024-04-05T11:51:19","guid":{"rendered":"https:\/\/rovirabergua.com\/politica-de-cookies\/"},"modified":"2024-04-24T09:50:13","modified_gmt":"2024-04-24T09:50:13","slug":"politica-de-cookies","status":"publish","type":"page","link":"https:\/\/rovirabergua.com\/es\/politica-de-cookies\/","title":{"rendered":"Pol\u00edtica de cookies"},"content":{"rendered":"\t\t<div data-elementor-type=\"wp-page\" data-elementor-id=\"889\" class=\"elementor elementor-889 elementor-582\" data-elementor-post-type=\"page\">\n\t\t\t\t\t\t\t<div class=\"elementor-element elementor-element-4773e46 e-con-full elementor-hidden-tablet elementor-hidden-mobile e-flex e-con e-parent\" data-id=\"4773e46\" data-element_type=\"container\" data-settings=\"{&quot;content_width&quot;:&quot;full&quot;}\" data-core-v316-plus=\"true\">\n\t\t<div class=\"elementor-element elementor-element-bb45d57 e-con-full elementor-hidden-tablet elementor-hidden-mobile e-flex e-con e-child\" data-id=\"bb45d57\" data-element_type=\"container\" data-settings=\"{&quot;content_width&quot;:&quot;full&quot;}\">\n\t\t\t\t<\/div>\n\t\t<div class=\"elementor-element elementor-element-9107e6d e-con-full e-flex e-con e-child\" data-id=\"9107e6d\" data-element_type=\"container\" data-settings=\"{&quot;content_width&quot;:&quot;full&quot;}\">\n\t\t<div class=\"elementor-element elementor-element-9ad8656 e-flex e-con-boxed e-con e-child\" data-id=\"9ad8656\" data-element_type=\"container\" data-settings=\"{&quot;content_width&quot;:&quot;boxed&quot;}\">\n\t\t\t\t\t<div class=\"e-con-inner\">\n\t\t<div class=\"elementor-element elementor-element-3e64fc6 e-con-full e-flex e-con e-child\" data-id=\"3e64fc6\" data-element_type=\"container\" data-settings=\"{&quot;content_width&quot;:&quot;full&quot;}\">\n\t\t\t\t<div class=\"elementor-element elementor-element-d5a70c0 elementor-widget elementor-widget-heading\" data-id=\"d5a70c0\" data-element_type=\"widget\" data-widget_type=\"heading.default\">\n\t\t\t\t<div class=\"elementor-widget-container\">\n\t\t\t<style>\/*! elementor - v3.18.0 - 20-12-2023 *\/\n.elementor-heading-title{padding:0;margin:0;line-height:1}.elementor-widget-heading .elementor-heading-title[class*=elementor-size-]>a{color:inherit;font-size:inherit;line-height:inherit}.elementor-widget-heading .elementor-heading-title.elementor-size-small{font-size:15px}.elementor-widget-heading .elementor-heading-title.elementor-size-medium{font-size:19px}.elementor-widget-heading .elementor-heading-title.elementor-size-large{font-size:29px}.elementor-widget-heading .elementor-heading-title.elementor-size-xl{font-size:39px}.elementor-widget-heading .elementor-heading-title.elementor-size-xxl{font-size:59px}<\/style><h2 class=\"elementor-heading-title elementor-size-default\">Pol\u00edtica de cookies<\/h2>\t\t<\/div>\n\t\t\t\t<\/div>\n\t\t\t\t<div class=\"elementor-element elementor-element-4e96ea4 elementor-widget elementor-widget-text-editor\" data-id=\"4e96ea4\" data-element_type=\"widget\" data-widget_type=\"text-editor.default\">\n\t\t\t\t<div class=\"elementor-widget-container\">\n\t\t\t<style>\/*! elementor - v3.18.0 - 20-12-2023 *\/\n.elementor-widget-text-editor.elementor-drop-cap-view-stacked .elementor-drop-cap{background-color:#69727d;color:#fff}.elementor-widget-text-editor.elementor-drop-cap-view-framed .elementor-drop-cap{color:#69727d;border:3px solid;background-color:transparent}.elementor-widget-text-editor:not(.elementor-drop-cap-view-default) .elementor-drop-cap{margin-top:8px}.elementor-widget-text-editor:not(.elementor-drop-cap-view-default) .elementor-drop-cap-letter{width:1em;height:1em}.elementor-widget-text-editor .elementor-drop-cap{float:left;text-align:center;line-height:1;font-size:50px}.elementor-widget-text-editor .elementor-drop-cap-letter{display:inline-block}<\/style>\t\t\t\t<p><span style=\"font-weight: 400;\">El web de Rovira &amp; Bergua I Asociados Sl. utiliza cookies propias y de terceros. Una cookie es un fichero que se descarga a su ordenador al acceder en acabadas p\u00e1ginas web, entre otros de otras finalidades, asegurar el correcto funcionamiento de la p\u00e1gina, permitir al Usuario un acceso m\u00e1s r\u00e1pido a los servicios seleccionados, almacenar y recuperar informaci\u00f3n sobre los h\u00e1bitos de navegaci\u00f3n de un usuario o de su equipo e incluso, dependiendo de la informaci\u00f3n que contengan y de la forma en que se utilice su equipo, se pueden utilizar para reconocer al usuario. Las cookies se asocian \u00fanicamente a un usuario an\u00f3nimo y su ordenador o dispositivo y no proporcionan referencias que permitan conocer sus datos personales, excepto permiso expr\u00e9s de aquel.<\/span><\/p><p><span style=\"font-weight: 400;\">Seg\u00fan la directiva de la UE, las cookies que requieren el consentimiento informado por parte del usuario son las cookies de anal\u00edtica, las de publicidad y afiliaci\u00f3n, quedando exceptuadas las de car\u00e1cter t\u00e9cnico y las necesarias para el funcionamiento de la p\u00e1gina web o la prestaci\u00f3n de servicios expresamente demandados por el usuario.<\/span><\/p><p><span style=\"font-weight: 400;\">Tipo de Cookies<\/span><\/p><p><span style=\"font-weight: 400;\">Las Cookies pueden clasificarse, en virtud de sus caracter\u00edsticas propias, dentro de diversas categor\u00edas, dentro de varias categor\u00edas:<\/span><\/p><p><span style=\"font-weight: 400;\">Seg\u00fan la entidad que las gestiona:<\/span><\/p><ul><li style=\"font-weight: 400;\" aria-level=\"1\"><span style=\"font-weight: 400;\">Cookies propias: Son aquellas que se env\u00edan a tu ordenador y son gestionadas exclusivamente por nosotros para el mejor funcionamiento del Sitio web.<\/span><\/li><li style=\"font-weight: 400;\" aria-level=\"1\"><span style=\"font-weight: 400;\">Cookies de terceros: Son aquellas que se env\u00edan a tu ordenador y no son gestionadas por nosotros sino por una tercera entidad.<\/span><\/li><\/ul><p><span style=\"font-weight: 400;\">Seg\u00fan el plazo de tiempo que permanecen activas:<\/span><\/p><ul><li style=\"font-weight: 400;\" aria-level=\"1\"><span style=\"font-weight: 400;\">Cookies de sesi\u00f3n:Este tipo de cookies recaudan y almacenan datos \u00fanicamente mientras el Usuario accede a al Sitio web.<\/span><\/li><li style=\"font-weight: 400;\" aria-level=\"1\"><span style=\"font-weight: 400;\">Cookies persistentes: Mediante este tipo de cookies los datos siguen almacenados y pueden ser accedidos y tratados durante el periodo definido por el responsable de la cookie, y puede ir de unos minutos en varios a\u00f1os.<\/span><\/li><\/ul><p><span style=\"font-weight: 400;\">Seg\u00fan la finalidad:<\/span><\/p><ul><li style=\"font-weight: 400;\" aria-level=\"1\"><span style=\"font-weight: 400;\">cookies t\u00e9cnicas: Son aquellas que permiten al usuario la navegaci\u00f3n a trav\u00e9s del sitio web, plataforma o aplicaci\u00f3n y la utilizaci\u00f3n de las diferentes opciones o servicios que el mismo ofrece, como por ejemplo, controlar el tr\u00e1fico y la comunicaci\u00f3n de datos, identificar la sesi\u00f3n , acceder a partes de acceso restringido, recordar los elementos que integran un pedido, realizar el proceso de compra de un pedido, realizar la solicitud de inscripci\u00f3n o participaci\u00f3n en un acontecimiento, utilizar elementos de seguridad durante la navegaci\u00f3n, almacenar contenidos para la difusi\u00f3n de videos o sonido o compartir contenidos a trav\u00e9s de redes sociales.<\/span><\/li><li style=\"font-weight: 400;\" aria-level=\"1\"><span style=\"font-weight: 400;\">cookies de personalizaci\u00f3n o preferencias: Son aquellas que permiten al usuario acceder al servicio con algunas caracter\u00edsticas de car\u00e1cter general predefinidas, como por ejemplo el idioma, la configuraci\u00f3n regional desde donde se accede al servicio, etc.<\/span><\/li><li style=\"font-weight: 400;\" aria-level=\"1\"><span style=\"font-weight: 400;\">cookies de an\u00e1lisis: Son aquellas que permiten al responsable de las mismas, el seguimiento y an\u00e1lisis del comportamiento de los usuarios de los sitios web a los que est\u00e1n vinculadas. La informaci\u00f3n recogida mediante este tipo de cookies se utiliza en la medici\u00f3n de la actividad de los sitios web, aplicaci\u00f3n o plataforma y para la elaboraci\u00f3n de perfiles de navegaci\u00f3n de los usuarios de estos lugares, aplicaciones y plataformas, para introducir mejoras en funci\u00f3n del an\u00e1lisis de los datos de uso que hacen los usuarios del servicio.<\/span><\/li><li style=\"font-weight: 400;\" aria-level=\"1\"><span style=\"font-weight: 400;\">cookies publicitarias: Son aquellas que permiten la gesti\u00f3n, de la forma m\u00e1s eficaz posible, de los espacios publicitarios que, si procede, se haya incluido en el sitio web, aplicaci\u00f3n o plataforma desde la cual presta el servicio solicitado en base a los criterios como el contenido editado o la frecuencia en que se muestran los anuncios. Recogen informaci\u00f3n sobre las preferencias y elecciones personales de los usuarios.<\/span><\/li><\/ul><p><span style=\"font-weight: 400;\">Cookies utilizadas en esta web:<\/span><\/p><table><tbody><tr><td><span style=\"font-weight: 400;\">n\u00famero<\/span><\/td><td><span style=\"font-weight: 400;\">Tipo (t\u00e9cnicas, personalizaci\u00f3n, an\u00e1lisis o publicitarias)<\/span><\/td><td><span style=\"font-weight: 400;\">Duraci\u00f3n<\/span><\/td><td><span style=\"font-weight: 400;\">Finalidad<\/span><\/td><td><span style=\"font-weight: 400;\">Propias\/*Terceros *Identificaci\u00f3n del tercero (link a la Pol\u00edtica de Cookies del tercero)<\/span><\/td><\/tr><tr><td><span style=\"font-weight: 400;\">wordpress_<\/span><\/td><td><span style=\"font-weight: 400;\">Recordatorio de Sesi\u00f3n<\/span><\/td><td><span style=\"font-weight: 400;\">Sesi\u00f3n<\/span><\/td><td><span style=\"font-weight: 400;\">Recordatorio de Sesi\u00f3n<\/span><\/td><td>\u00a0<\/td><\/tr><tr><td><span style=\"font-weight: 400;\">wordpress_*logged_*in_<\/span><\/td><td><span style=\"font-weight: 400;\">Recordatorio de Sesi\u00f3n<\/span><\/td><td><span style=\"font-weight: 400;\">Sesi\u00f3n<\/span><\/td><td><span style=\"font-weight: 400;\">Recordatorio de Sesi\u00f3n<\/span><\/td><td>\u00a0<\/td><\/tr><tr><td><span style=\"font-weight: 400;\">wordpress_test_<\/span><\/td><td><span style=\"font-weight: 400;\">Recordatorio de Sesi\u00f3n<\/span><\/td><td><span style=\"font-weight: 400;\">Sesi\u00f3n<\/span><\/td><td><span style=\"font-weight: 400;\">Recordatorio de Sesi\u00f3n<\/span><\/td><td>\u00a0<\/td><\/tr><tr><td><span style=\"font-weight: 400;\">wordpress_test_*cookie<\/span><\/td><td><span style=\"font-weight: 400;\">WordPress Test Cookies<\/span><\/td><td><span style=\"font-weight: 400;\">Sesi\u00f3n<\/span><\/td><td><span style=\"font-weight: 400;\">Recordatorio de Sesi\u00f3n<\/span><\/td><td>\u00a0<\/td><\/tr><tr><td><span style=\"font-weight: 400;\">wp-*settings-[*UID]<\/span><\/td><td><span style=\"font-weight: 400;\">Se utiliza para personalizar la interfaz de usuario.<\/span><\/td><td><span style=\"font-weight: 400;\">1 a\u00f1o<\/span><\/td><td><span style=\"font-weight: 400;\">Se utiliza para personalizar la interfaz de usuario.<\/span><\/td><td>\u00a0<\/td><\/tr><tr><td><span style=\"font-weight: 400;\">wp-*settings-*time-[*UID]<\/span><\/td><td><span style=\"font-weight: 400;\">Almacena el aspecto de la interfaz de administraci\u00f3n y del lugar principal.<\/span><\/td><td><span style=\"font-weight: 400;\">1 a\u00f1o<\/span><\/td><td><span style=\"font-weight: 400;\">Almacena el aspecto de la interfaz de administraci\u00f3n y del lugar principal.<\/span><\/td><td>\u00a0<\/td><\/tr><\/tbody><\/table><p><span style=\"font-weight: 400;\">COOKIES DE TERCEROS<\/span><\/p><p><span style=\"font-weight: 400;\">Google Analitycs. Las bibliotecas gtag.js, analytics.js y ga.js configuran las cookies siguientes:<\/span><\/p><table><tbody><tr><td><span style=\"font-weight: 400;\">Nombre<\/span><\/td><td><span style=\"font-weight: 400;\">Duraci\u00f3n<\/span><\/td><td><span style=\"font-weight: 400;\">Descripci\u00f3n<\/span><\/td><\/tr><tr><td><span style=\"font-weight: 400;\">_ga<\/span><\/td><td><span style=\"font-weight: 400;\">2 a\u00f1os<\/span><\/td><td><span style=\"font-weight: 400;\">Se usa para distinguir a los usuarios.<\/span><\/td><\/tr><tr><td><span style=\"font-weight: 400;\">_gid<\/span><\/td><td><span style=\"font-weight: 400;\">24 horas<\/span><\/td><td><span style=\"font-weight: 400;\">Se usa para distinguir a los usuarios.<\/span><\/td><\/tr><tr><td><span style=\"font-weight: 400;\">_gato<\/span><\/td><td><span style=\"font-weight: 400;\">1 minuto<\/span><\/td><td><span style=\"font-weight: 400;\">Se usa para limitar el porcentaje de solicitudes. Si se ha implementado Google Analytics intermediando Google Tag Manager, esta cookie se llamar\u00e1 _dc_*gtm_&lt;property-*id&gt;.<\/span><\/td><\/tr><tr><td><span style=\"font-weight: 400;\">_gac_&lt;property-*id&gt;<\/span><\/td><td><span style=\"font-weight: 400;\">90 d\u00edes<\/span><\/td><td><p><span style=\"font-weight: 400;\">Incluye informaci\u00f3n de la campa\u00f1a relativa al usuario. Si has vinculado tose cuentas de Google Analytics y Google Ads, las etiquetas de conversi\u00f3n en sitio web de Google Ads leer\u00e1n esta cookie, salvo que la inhabilitas..<\/span><\/p><p><a href=\"https:\/\/support.google.com\/google-ads\/answer\/7521212?hl=es\"><span style=\"font-weight: 400;\">Mes info<\/span><\/a><\/p><\/td><\/tr><tr><td><span style=\"font-weight: 400;\">__utma<\/span><\/td><td><span style=\"font-weight: 400;\">2 a\u00f1os a partir de la configuraci\u00f3n o actualizaci\u00f3n<\/span><\/td><td><span style=\"font-weight: 400;\">Se usa para distinguir usuarios y sesiones. La cookie se crea cuando se ejecuta la biblioteca de JavaScript y no hay ning\u00fan cookie __utma. La cookie se actualiza cada vez que se env\u00edan datos en Google Analytics.<\/span><\/td><\/tr><tr><td><span style=\"font-weight: 400;\">__utmt<\/span><\/td><td><span style=\"font-weight: 400;\">10 minutos<\/span><\/td><td><span style=\"font-weight: 400;\">Se usa para limitar el porcentaje de solicitudes.<\/span><\/td><\/tr><tr><td><span style=\"font-weight: 400;\">__utmb<\/span><\/td><td><span style=\"font-weight: 400;\">30 minutos a partir de la configuraci\u00f3n o actualizaci\u00f3n<\/span><\/td><td><span style=\"font-weight: 400;\">Se usa para determinar nuevas sesiones o visitas. La cookie se crea cuando se ejecuta la biblioteca de JavaScript y no hay ning\u00fan cookie __utmb. La cookie se actualiza cada vez que se env\u00edan datos en Google Analytics.<\/span><\/td><\/tr><tr><td><span style=\"font-weight: 400;\">__utmc<\/span><\/td><td><span style=\"font-weight: 400;\">Fin de la sesi\u00f3n del navegador<\/span><\/td><td><span style=\"font-weight: 400;\">No se usa en ga.js. Se configura para interactuar con urchin.js. Anteriormente, esta cookie actuaba junto con la cookie __utmb para determinar si el usuario estaba en una nueva sesi\u00f3n o visita.<\/span><\/td><\/tr><tr><td><span style=\"font-weight: 400;\">__utmz<\/span><\/td><td><span style=\"font-weight: 400;\">6 meses a partir de la configuraci\u00f3n o actualizaci\u00f3n<\/span><\/td><td><span style=\"font-weight: 400;\">Almacena la fuente de tr\u00e1fico o la campa\u00f1a que explica c\u00f3mo ha llegado el usuario al sitio web. La cookie se crea cuando se ejecuta la biblioteca de JavaScript y se actualiza cada vez que se env\u00edan datos en Google Analytics.<\/span><\/td><\/tr><tr><td><span style=\"font-weight: 400;\">__utmv<\/span><\/td><td><span style=\"font-weight: 400;\">2 a\u00f1os a partir de la configuraci\u00f3n o actualizaci\u00f3n<\/span><\/td><td><span style=\"font-weight: 400;\">Se usa para almacenar datos de variables personalizadas a nivel de visitante. Esta cookie se crea cuando un programador usa el m\u00e9todo <\/span><a href=\"https:\/\/developers.google.com\/analytics\/devguides\/collection\/gajs\/methods\/gaJSApiBasicConfiguration?hl=es#_gat.GA_Tracker_._setCustomVar\"><span style=\"font-weight: 400;\">_setCustomVar<\/span><\/a><span style=\"font-weight: 400;\"> con una variable personalizada a nivel de visitante. Tambi\u00e9n se usaba para el m\u00e9todo _setVar, que ya no est\u00e1 disponible. La cookie se actualiza cada vez que se env\u00edan datos en Google Analytics.<\/span><\/td><\/tr><\/tbody><\/table><p><span style=\"font-weight: 400;\">Pol\u00edtica de cookies de Google Analytics:<\/span><\/p><p><a href=\"https:\/\/developers.google.com\/analytics\/devguides\/collection\/analyticsjs\/cookie-usage?hl=es\"><span style=\"font-weight: 400;\">https:\/\/developers.google.com\/analytics\/devguides\/collection\/analyticsjs\/cookie-usage?hl=es<\/span><\/a><\/p><p><span style=\"font-weight: 400;\">Esta mesa puede ser actualizada de acuerdo con las galletas empleadas en cada momento. Te aconsejamos que consultes nuestra Pol\u00edtica de Cookies de forma regular.<\/span><\/p><p><span style=\"font-weight: 400;\">Se realizan transferencias de datos en terceros pa\u00edses?<\/span><\/p><p><span style=\"font-weight: 400;\">Puedes informarte de las transferencias a terceros pa\u00edses que, si procede, realizan los terceros identificados en esta pol\u00edtica de cookies en sus correspondientes pol\u00edticas (Ver los enlaces facilitados en la tabla anterior, en el apartado de galletas de terceros).<\/span><\/p><p><span style=\"font-weight: 400;\">C\u00f3mo desactivar y bloquear las cookies?<\/span><\/p><p><span style=\"font-weight: 400;\">Te informamos que, en cualquier caso, puedes desactivar o bloquear las cookies activando la configuraci\u00f3n de tu navegador, permitiendo rechazar la instalaci\u00f3n de todas o algunas de las cookies. En caso de no permitir la instalaci\u00f3n de cookies es posible que no puedas acceder a algunas de las funcionalidades del presente sitio web, y por tanto, tu experiencia como usuario en el sitio web resulte menos satisfactoria.<\/span><\/p><p><span style=\"font-weight: 400;\">Puedes permitir, bloquear o eliminar las cookies instaladas en tu equipo mediante la configuraci\u00f3n de las opciones del navegador instalado a tu ordenador. Para mayor informaci\u00f3n sobre como ajustar sus configuraciones de cookies en los siguientes navegadores, te remitimos al enlace pertinente:<\/span><\/p><p><span style=\"font-weight: 400;\">Internet Explorer<\/span><\/p><ul><li style=\"font-weight: 400;\" aria-level=\"1\"><a href=\"https:\/\/support.microsoft.com\/es-es\/help\/17442\/windows-internet-explorer-deletemanage-cookies\"><span style=\"font-weight: 400;\">https:\/\/support.microsoft.com\/es-es\/help\/17442\/windows-internet-explorer-deletemanage-cookies<\/span><\/a><\/li><\/ul><p><span style=\"font-weight: 400;\">Firefox<\/span><\/p><ul><li style=\"font-weight: 400;\" aria-level=\"1\"><a href=\"https:\/\/support.mozilla.org\/es\/kb\/habilitar-y-deshabilitar-cookies-sitios-web-rastrearpreferencias?redirectlocale=es&amp;redirectslug=habilitar-y-deshabilitar-cookies-que-los-sitioswe\"><span style=\"font-weight: 400;\">https:\/\/support.mozilla.org\/es\/kb\/habilitar-y-deshabilitar-cookies-sitios-web-rastrearpreferencias?redirectlocale=es&amp;redirectslug=habilitar-*y-deshabilitar-cookies-que-*los-*sitioswe<\/span><\/a><\/li><\/ul><p><span style=\"font-weight: 400;\">Chrome<\/span><\/p><ul><li style=\"font-weight: 400;\" aria-level=\"1\"><a href=\"http:\/\/support.google.com\/chrome\/bin\/answer.py?hl=en&amp;answer=95647\"><span style=\"font-weight: 400;\">http:\/\/support.google.com\/chrome\/bin\/answer.py?hl=en&amp;answer=95647<\/span><\/a><\/li><\/ul><p><span style=\"font-weight: 400;\">Safari<\/span><\/p><ul><li style=\"font-weight: 400;\" aria-level=\"1\"><a href=\"https:\/\/support.apple.com\/kb\/PH19214?viewlocale=es_ES&amp;locale=es_ES\"><span style=\"font-weight: 400;\">https:\/\/support.apple.com\/kb\/ph19214?viewlocale=es_es&amp;locale=se_SE<\/span><\/a><\/li><\/ul><p><span style=\"font-weight: 400;\">Opera<\/span><\/p><ul><li style=\"font-weight: 400;\" aria-level=\"1\"><a href=\"http:\/\/help.opera.com\/Windows\/11.50\/es-ES\/cookies.html\"><span style=\"font-weight: 400;\">http:\/\/help.opera.com\/windows\/11.50\/es-es\/cookies.HTML<\/span><\/a><\/li><\/ul><p><span style=\"font-weight: 400;\">QU\u00c9 DERECHOS TIENES SOBRE LOS DATOS PERSONALES APORTADOS?<\/span><\/p><p><span style=\"font-weight: 400;\">Como usuario, puedes ejercitar los derechos siguientes:<\/span><\/p><ul><li style=\"font-weight: 400;\" aria-level=\"1\"><span style=\"font-weight: 400;\">Derecho de acceso: Tienes derecho a obtener por parte de la empresa confirmaci\u00f3n de si se est\u00e1n tratando o no tus datos personales que, y en su caso, qu\u00e9 datos trata.<\/span><\/li><li style=\"font-weight: 400;\" aria-level=\"1\"><span style=\"font-weight: 400;\">Derecho de rectificaci\u00f3n: Tienes derecho a obtener por parte de la empresa, la rectificaci\u00f3n de los datos personales inexactos que te conciernen. En la solicitud de rectificaci\u00f3n tendr\u00e1s que indicar los datos que quieres que se modifiquen.<\/span><\/li><li style=\"font-weight: 400;\" aria-level=\"1\"><span style=\"font-weight: 400;\">Derecho de oposici\u00f3n: Tienes derecho a oponerte en cualquier momento, por motivos relacionados con tu situaci\u00f3n particular, al hecho que datos personales que te conciernan sean objeto de un tratamiento basado en el inter\u00e9s leg\u00edtimo de la empresa. En este caso, la empresa dejar\u00e1 de tratar los datos personales, salvo que acreditamos motivos leg\u00edtimos imperiosos para el tratamiento que prevalezcan sobre tus intereses, derechos y libertades, o para la formulaci\u00f3n, el ejercicio o la defensa de reclamaciones.<\/span><\/li><li style=\"font-weight: 400;\" aria-level=\"1\"><span style=\"font-weight: 400;\">Derecho de supresi\u00f3n: Tienes derecho a obtener por parte de la empresa, la supresi\u00f3n de los datos personales que te conciernan.<\/span><\/li><li style=\"font-weight: 400;\" aria-level=\"1\"><span style=\"font-weight: 400;\">Derecho a la portabilidad de los datos: Tienes derecho al hecho que la empresa transfiera tus datos personales a otro responsable del tratamiento. Solo es posible ejercer este derecho cuando el tratamiento est\u00e9 basado en la ejecuci\u00f3n de un contrato o a tu consentimiento y el tratamiento se realice por medios automatizados.<\/span><\/li><li style=\"font-weight: 400;\" aria-level=\"1\"><span style=\"font-weight: 400;\">Derecho a la limitaci\u00f3n del tratamiento: Tienes derecho a solicitarnos que suspendamos el tratamiento de tus datos cu\u00e1ndo: impugnas la exactitud de los datos, mientras la empresa verifica esta exactitud; hayas ejercido el derecho de oposici\u00f3n en el tratamiento de tus datos, mientras que se verifica si los motivos leg\u00edtimos de la empresa prevalecen sobre los tuyos como interesado.<\/span><\/li><li style=\"font-weight: 400;\" aria-level=\"1\"><span style=\"font-weight: 400;\">Derecho a no ser objeto de decisiones individuales automatizadas, incluida la elaboraci\u00f3n de perfiles: Tienes derecho a no ser objeto de una decisi\u00f3n basada \u00fanicamente en el tratamiento automatizado, incluida la elaboraci\u00f3n de perfiles, que produzca efectos jur\u00eddicos o te afecte significativamente de manera similar.<\/span><\/li><\/ul><p><span style=\"font-weight: 400;\">En cualquier momento, podr\u00e1s ejercer estos derechos, mediante un escrito y acreditando Tu personalidad dirigido a Rovira &amp; Bergua I Asociados Sl., con direcci\u00f3n en Calle Mayor (Almacelles), 49, Almacelles, 25100, Lerida, o a trav\u00e9s de la direcci\u00f3n de correo electr\u00f3nico: info@rovirabergua.com.<\/span><\/p><p><span style=\"font-weight: 400;\">Adem\u00e1s, podr\u00e1s presentar una reclamaci\u00f3n ante la autoridad de control, en este caso, la Agencia Espa\u00f1ola de Protecci\u00f3n de Datos, si consideras que el tratamiento de datos personales infringe la legislaci\u00f3n aplicable.<\/span><\/p>\t\t\t\t\t\t<\/div>\n\t\t\t\t<\/div>\n\t\t\t\t<\/div>\n\t\t\t\t\t<\/div>\n\t\t\t\t<\/div>\n\t\t\t\t<\/div>\n\t\t<div class=\"elementor-element elementor-element-f3ec4bd e-con-full elementor-hidden-tablet elementor-hidden-mobile e-flex e-con e-child\" data-id=\"f3ec4bd\" data-element_type=\"container\" data-settings=\"{&quot;content_width&quot;:&quot;full&quot;}\">\n\t\t\t\t<\/div>\n\t\t\t\t<\/div>\n\t\t\t\t\t\t\t<\/div>\n\t\t","protected":false},"excerpt":{"rendered":"<p>Pol\u00edtica de cookies El web de Rovira &amp; Bergua I Asociados Sl. utiliza cookies propias y de terceros. Una cookie es un fichero que se descarga a su ordenador al acceder en acabadas p\u00e1ginas web, entre otros de otras finalidades, asegurar el correcto funcionamiento de la p\u00e1gina, permitir al Usuario un acceso m\u00e1s r\u00e1pido a [&hellip;]<\/p>\n","protected":false},"author":1,"featured_media":0,"parent":0,"menu_order":0,"comment_status":"closed","ping_status":"closed","template":"elementor_header_footer","meta":{"footnotes":""},"class_list":["post-889","page","type-page","status-publish","hentry"],"_links":{"self":[{"href":"https:\/\/rovirabergua.com\/es\/wp-json\/wp\/v2\/pages\/889","targetHints":{"allow":["GET"]}}],"collection":[{"href":"https:\/\/rovirabergua.com\/es\/wp-json\/wp\/v2\/pages"}],"about":[{"href":"https:\/\/rovirabergua.com\/es\/wp-json\/wp\/v2\/types\/page"}],"author":[{"embeddable":true,"href":"https:\/\/rovirabergua.com\/es\/wp-json\/wp\/v2\/users\/1"}],"replies":[{"embeddable":true,"href":"https:\/\/rovirabergua.com\/es\/wp-json\/wp\/v2\/comments?post=889"}],"version-history":[{"count":4,"href":"https:\/\/rovirabergua.com\/es\/wp-json\/wp\/v2\/pages\/889\/revisions"}],"predecessor-version":[{"id":896,"href":"https:\/\/rovirabergua.com\/es\/wp-json\/wp\/v2\/pages\/889\/revisions\/896"}],"wp:attachment":[{"href":"https:\/\/rovirabergua.com\/es\/wp-json\/wp\/v2\/media?parent=889"}],"curies":[{"name":"wp","href":"https:\/\/api.w.org\/{rel}","templated":true}]}}