{"id":919,"date":"2024-04-05T11:22:23","date_gmt":"2024-04-05T11:22:23","guid":{"rendered":"https:\/\/rovirabergua.com\/producto\/renta-individual\/"},"modified":"2024-04-24T11:41:48","modified_gmt":"2024-04-24T11:41:48","slug":"renta-individual","status":"publish","type":"product","link":"https:\/\/rovirabergua.com\/es\/producto\/renta-individual\/","title":{"rendered":"RENTA INDIVIDUAL"},"content":{"rendered":"<p>Renta individual con rendimientos de trabajo. Preparaci\u00f3n presentaci\u00f3n de una declaraci\u00f3n de lava de una persona asalariada. No incluye la existencia de rendiements de acciones con cotizaci\u00f3n oficial.<\/p>\n<p>*Iva Incluido<\/p>\n","protected":false},"excerpt":{"rendered":"<p>Renta individual con rendimientos de trabajo.<\/p>\n","protected":false},"featured_media":813,"comment_status":"open","ping_status":"closed","template":"","meta":[],"product_cat":[19],"product_tag":[],"class_list":{"0":"post-919","1":"product","2":"type-product","3":"status-publish","4":"has-post-thumbnail","6":"product_cat-todo","8":"first","9":"instock","10":"purchasable","11":"product-type-simple"},"_links":{"self":[{"href":"https:\/\/rovirabergua.com\/es\/wp-json\/wp\/v2\/product\/919","targetHints":{"allow":["GET"]}}],"collection":[{"href":"https:\/\/rovirabergua.com\/es\/wp-json\/wp\/v2\/product"}],"about":[{"href":"https:\/\/rovirabergua.com\/es\/wp-json\/wp\/v2\/types\/product"}],"replies":[{"embeddable":true,"href":"https:\/\/rovirabergua.com\/es\/wp-json\/wp\/v2\/comments?post=919"}],"wp:featuredmedia":[{"embeddable":true,"href":"https:\/\/rovirabergua.com\/es\/wp-json\/wp\/v2\/media\/813"}],"wp:attachment":[{"href":"https:\/\/rovirabergua.com\/es\/wp-json\/wp\/v2\/media?parent=919"}],"wp:term":[{"taxonomy":"product_cat","embeddable":true,"href":"https:\/\/rovirabergua.com\/es\/wp-json\/wp\/v2\/product_cat?post=919"},{"taxonomy":"product_tag","embeddable":true,"href":"https:\/\/rovirabergua.com\/es\/wp-json\/wp\/v2\/product_tag?post=919"}],"curies":[{"name":"wp","href":"https:\/\/api.w.org\/{rel}","templated":true}]}}